{"id":2043,"date":"2020-01-22T19:13:27","date_gmt":"2020-01-22T18:13:27","guid":{"rendered":"https:\/\/www.lesmarbreriesdelaseine.com\/about\/"},"modified":"2025-02-13T16:29:27","modified_gmt":"2025-02-13T15:29:27","slug":"about","status":"publish","type":"page","link":"https:\/\/www.lesmarbreriesdelaseine.com\/en\/about\/","title":{"rendered":"About"},"content":{"rendered":"<div class=\"wpb-content-wrapper\"><p>[vc_row row_height_percent=&#8221;0&#8243; overlay_alpha=&#8221;50&#8243; gutter_size=&#8221;3&#8243; column_width_percent=&#8221;100&#8243; shift_y=&#8221;0&#8243; z_index=&#8221;0&#8243; css=&#8221;.vc_custom_1682495673849{padding-right: 18px !important;}&#8221; uncode_shortcode_id=&#8221;167502&#8243;][vc_column column_width_percent=&#8221;75&#8243; align_horizontal=&#8221;align_center&#8221; gutter_size=&#8221;3&#8243; overlay_alpha=&#8221;50&#8243; shift_x=&#8221;0&#8243; shift_y=&#8221;0&#8243; shift_y_down=&#8221;0&#8243; z_index=&#8221;0&#8243; medium_width=&#8221;0&#8243; mobile_width=&#8221;0&#8243; width=&#8221;1\/1&#8243; uncode_shortcode_id=&#8221;149003&#8243;][vc_custom_heading heading_semantic=&#8221;h1&#8243; text_font=&#8221;font-gotham-medium&#8221; text_size=&#8221;fontsize-40&#8243; text_weight=&#8221;500&#8243; text_transform=&#8221;uppercase&#8221; text_space=&#8221;fontspace-005em&#8221; uncode_shortcode_id=&#8221;143058&#8243;]Giving stone a <strong data-start=\"15\" data-end=\"34\">&#8220;Haute Couture&#8221;<\/strong> dimension[\/vc_custom_heading][\/vc_column][\/vc_row][vc_row row_height_percent=&#8221;0&#8243; override_padding=&#8221;yes&#8221; h_padding=&#8221;2&#8243; top_padding=&#8221;3&#8243; bottom_padding=&#8221;3&#8243; overlay_alpha=&#8221;50&#8243; gutter_size=&#8221;3&#8243; column_width_percent=&#8221;100&#8243; shift_y=&#8221;0&#8243; z_index=&#8221;0&#8243; css=&#8221;.vc_custom_1682495818723{padding-right: 18px !important;}&#8221; uncode_shortcode_id=&#8221;296353&#8243;][vc_column column_width_percent=&#8221;75&#8243; gutter_size=&#8221;3&#8243; overlay_alpha=&#8221;50&#8243; shift_x=&#8221;0&#8243; shift_y=&#8221;0&#8243; shift_y_down=&#8221;0&#8243; z_index=&#8221;0&#8243; medium_width=&#8221;0&#8243; mobile_width=&#8221;0&#8243; width=&#8221;1\/1&#8243; uncode_shortcode_id=&#8221;152519&#8243;][vc_custom_heading text_font=&#8221;font-gotham-medium&#8221; text_weight=&#8221;700&#8243; text_transform=&#8221;uppercase&#8221; uncode_shortcode_id=&#8221;113981&#8243;]Les Marbreries de la Seine[\/vc_custom_heading][vc_column_text uncode_shortcode_id=&#8221;156431&#8243;]<\/p>\n<p data-start=\"0\" data-end=\"186\">From sourcing raw materials to on-site installation, Les Marbreries de la Seine has been supporting world-renowned architecture and interior design professionals for three generations.<\/p>\n<p data-start=\"188\" data-end=\"283\">Our artisans and design office work together to make each project a truly unique achievement.<\/p>\n<p data-start=\"285\" data-end=\"512\">We seamlessly integrate the nobility of millennia-old stones into the most cutting-edge contemporary creations. Today, we offer our partners a selection of ten mineral color families and nearly a thousand references in total.<\/p>\n<p data-start=\"514\" data-end=\"699\">Our state-of-the-art equipment, combined with the unparalleled expertise of our skilled artisans, allows us to deliver finishes ranging from the most classic to the most experimental.<\/p>\n<p data-start=\"701\" data-end=\"795\" data-is-last-node=\"\">Raw material is thus transformed into something even more exceptional and definitively unique.<\/p>\n<p>[\/vc_column_text][\/vc_column][\/vc_row][vc_row row_height_percent=&#8221;0&#8243; overlay_alpha=&#8221;50&#8243; gutter_size=&#8221;3&#8243; column_width_percent=&#8221;100&#8243; shift_y=&#8221;0&#8243; z_index=&#8221;0&#8243; css=&#8221;.vc_custom_1682497382835{padding-right: 18px !important;}&#8221; uncode_shortcode_id=&#8221;749619&#8243;][vc_column column_width_percent=&#8221;75&#8243; gutter_size=&#8221;2&#8243; overlay_alpha=&#8221;50&#8243; shift_x=&#8221;0&#8243; shift_y=&#8221;0&#8243; shift_y_down=&#8221;0&#8243; z_index=&#8221;0&#8243; medium_width=&#8221;0&#8243; mobile_width=&#8221;0&#8243; width=&#8221;1\/1&#8243; uncode_shortcode_id=&#8221;185039&#8243;][vc_single_image media=&#8221;2329&#8243; media_width_percent=&#8221;100&#8243; uncode_shortcode_id=&#8221;131714&#8243;][vc_custom_heading heading_semantic=&#8221;h3&#8243; text_font=&#8221;font-gotham-medium&#8221; text_size=&#8221;h3&#8243; text_weight=&#8221;700&#8243; text_transform=&#8221;uppercase&#8221; uncode_shortcode_id=&#8221;267643&#8243;]\u2460 Sourcing[\/vc_custom_heading][vc_column_text uncode_shortcode_id=&#8221;127188&#8243;]Our sites are located in the east of Paris, and in the north of Italy, as close as possible to the largest reserves of materials. This strategy allows us to act fast and select the most suitable references. This strategy allows us to act fast and select the most suitable references.[\/vc_column_text][\/vc_column][\/vc_row][vc_row row_height_percent=&#8221;0&#8243; override_padding=&#8221;yes&#8221; h_padding=&#8221;2&#8243; top_padding=&#8221;0&#8243; bottom_padding=&#8221;2&#8243; overlay_alpha=&#8221;50&#8243; gutter_size=&#8221;3&#8243; column_width_percent=&#8221;100&#8243; shift_y=&#8221;0&#8243; z_index=&#8221;0&#8243; css=&#8221;.vc_custom_1682496534607{padding-right: 18px !important;}&#8221; uncode_shortcode_id=&#8221;879383&#8243;][vc_column column_width_percent=&#8221;75&#8243; gutter_size=&#8221;2&#8243; overlay_alpha=&#8221;50&#8243; shift_x=&#8221;0&#8243; shift_y=&#8221;0&#8243; shift_y_down=&#8221;0&#8243; z_index=&#8221;0&#8243; medium_width=&#8221;0&#8243; mobile_width=&#8221;0&#8243; width=&#8221;1\/1&#8243; uncode_shortcode_id=&#8221;185039&#8243;][vc_custom_heading heading_semantic=&#8221;h3&#8243; text_font=&#8221;font-gotham-medium&#8221; text_size=&#8221;h3&#8243; text_weight=&#8221;700&#8243; text_transform=&#8221;uppercase&#8221; uncode_shortcode_id=&#8221;181327&#8243;]\u2461 PROJECT[\/vc_custom_heading][vc_column_text uncode_shortcode_id=&#8221;125337&#8243;]We are involved from the feasibility study stage of projects. We then draw up quotes based on carefully selected samples.[\/vc_column_text][\/vc_column][\/vc_row][vc_row row_height_percent=&#8221;0&#8243; override_padding=&#8221;yes&#8221; h_padding=&#8221;2&#8243; top_padding=&#8221;0&#8243; bottom_padding=&#8221;2&#8243; overlay_alpha=&#8221;50&#8243; gutter_size=&#8221;3&#8243; column_width_percent=&#8221;100&#8243; shift_y=&#8221;0&#8243; z_index=&#8221;0&#8243; css=&#8221;.vc_custom_1682496534607{padding-right: 18px !important;}&#8221; uncode_shortcode_id=&#8221;879383&#8243;][vc_column column_width_percent=&#8221;75&#8243; gutter_size=&#8221;2&#8243; overlay_alpha=&#8221;50&#8243; shift_x=&#8221;0&#8243; shift_y=&#8221;0&#8243; shift_y_down=&#8221;0&#8243; z_index=&#8221;0&#8243; medium_width=&#8221;0&#8243; mobile_width=&#8221;0&#8243; width=&#8221;1\/1&#8243; uncode_shortcode_id=&#8221;185039&#8243;][vc_custom_heading heading_semantic=&#8221;h3&#8243; text_font=&#8221;font-gotham-medium&#8221; text_size=&#8221;h3&#8243; text_weight=&#8221;700&#8243; text_transform=&#8221;uppercase&#8221; uncode_shortcode_id=&#8221;105680&#8243;]\u2462 PLANNING[\/vc_custom_heading][vc_column_text uncode_shortcode_id=&#8221;645002&#8243;]Les relev\u00e9s sur site sont \u00e9tablis, puis nos projeteurs \u00e9ditent les plans 2D et 3D conforment aux validations des architectes et d\u00e9corateurs partenaires.[\/vc_column_text][\/vc_column][\/vc_row][vc_row row_height_percent=&#8221;0&#8243; override_padding=&#8221;yes&#8221; h_padding=&#8221;2&#8243; top_padding=&#8221;0&#8243; bottom_padding=&#8221;2&#8243; overlay_alpha=&#8221;50&#8243; gutter_size=&#8221;3&#8243; column_width_percent=&#8221;100&#8243; shift_y=&#8221;0&#8243; z_index=&#8221;0&#8243; css=&#8221;.vc_custom_1682496534607{padding-right: 18px !important;}&#8221; uncode_shortcode_id=&#8221;879383&#8243;][vc_column column_width_percent=&#8221;75&#8243; gutter_size=&#8221;2&#8243; overlay_alpha=&#8221;50&#8243; shift_x=&#8221;0&#8243; shift_y=&#8221;0&#8243; shift_y_down=&#8221;0&#8243; z_index=&#8221;0&#8243; medium_width=&#8221;0&#8243; mobile_width=&#8221;0&#8243; width=&#8221;1\/1&#8243; uncode_shortcode_id=&#8221;185039&#8243;][vc_custom_heading heading_semantic=&#8221;h3&#8243; text_font=&#8221;font-gotham-medium&#8221; text_size=&#8221;h3&#8243; text_weight=&#8221;700&#8243; text_transform=&#8221;uppercase&#8221; uncode_shortcode_id=&#8221;874296&#8243;]\u2463 MAKING[\/vc_custom_heading][vc_column_text uncode_shortcode_id=&#8221;137101&#8243;]Our expert craftsmen use their extensive know-how to sublimate raw materials into ambitious projects with the most complex shapes and finishes.[\/vc_column_text][\/vc_column][\/vc_row][vc_row row_height_percent=&#8221;0&#8243; override_padding=&#8221;yes&#8221; h_padding=&#8221;2&#8243; top_padding=&#8221;0&#8243; bottom_padding=&#8221;2&#8243; overlay_alpha=&#8221;50&#8243; gutter_size=&#8221;3&#8243; column_width_percent=&#8221;100&#8243; shift_y=&#8221;0&#8243; z_index=&#8221;0&#8243; css=&#8221;.vc_custom_1682496534607{padding-right: 18px !important;}&#8221; uncode_shortcode_id=&#8221;879383&#8243;][vc_column column_width_percent=&#8221;75&#8243; gutter_size=&#8221;2&#8243; overlay_alpha=&#8221;50&#8243; shift_x=&#8221;0&#8243; shift_y=&#8221;0&#8243; shift_y_down=&#8221;0&#8243; z_index=&#8221;0&#8243; medium_width=&#8221;0&#8243; mobile_width=&#8221;0&#8243; width=&#8221;1\/1&#8243; uncode_shortcode_id=&#8221;185039&#8243;][vc_custom_heading heading_semantic=&#8221;h3&#8243; text_font=&#8221;font-gotham-medium&#8221; text_size=&#8221;h3&#8243; text_weight=&#8221;700&#8243; text_transform=&#8221;uppercase&#8221; uncode_shortcode_id=&#8221;191453&#8243;]\u2464 FITTING &amp; FINISHING[\/vc_custom_heading][vc_column_text uncode_shortcode_id=&#8221;119890&#8243;]Each of our creations undergoes scrupulous quality control throughout the manufacturing process, right up to delivery and on-site installation by our fitters.[\/vc_column_text][\/vc_column][\/vc_row][vc_row row_height_percent=&#8221;0&#8243; override_padding=&#8221;yes&#8221; h_padding=&#8221;2&#8243; top_padding=&#8221;3&#8243; bottom_padding=&#8221;2&#8243; overlay_alpha=&#8221;50&#8243; gutter_size=&#8221;3&#8243; column_width_percent=&#8221;100&#8243; shift_y=&#8221;0&#8243; z_index=&#8221;0&#8243; css=&#8221;.vc_custom_1682496219136{padding-right: 18px !important;}&#8221; uncode_shortcode_id=&#8221;840540&#8243;][vc_column column_width_percent=&#8221;75&#8243; align_horizontal=&#8221;align_center&#8221; gutter_size=&#8221;3&#8243; overlay_alpha=&#8221;50&#8243; shift_x=&#8221;0&#8243; shift_y=&#8221;0&#8243; shift_y_down=&#8221;0&#8243; z_index=&#8221;0&#8243; medium_width=&#8221;0&#8243; align_mobile=&#8221;align_left_mobile&#8221; mobile_width=&#8221;0&#8243; width=&#8221;1\/2&#8243; uncode_shortcode_id=&#8221;210378&#8243;][vc_single_image media=&#8221;2335&#8243; media_width_percent=&#8221;100&#8243; alignment=&#8221;right&#8221; uncode_shortcode_id=&#8221;213492&#8243;][\/vc_column][vc_column width=&#8221;1\/2&#8243;][vc_single_image media=&#8221;2333&#8243; media_width_percent=&#8221;100&#8243; uncode_shortcode_id=&#8221;169422&#8243;][\/vc_column][\/vc_row][vc_row row_height_percent=&#8221;0&#8243; overlay_alpha=&#8221;50&#8243; gutter_size=&#8221;3&#8243; column_width_percent=&#8221;100&#8243; shift_y=&#8221;0&#8243; z_index=&#8221;0&#8243; css=&#8221;.vc_custom_1580220779236{padding-right: 18px !important;}&#8221;][vc_column column_width_percent=&#8221;75&#8243; gutter_size=&#8221;3&#8243; overlay_alpha=&#8221;50&#8243; shift_x=&#8221;0&#8243; shift_y=&#8221;0&#8243; shift_y_down=&#8221;0&#8243; z_index=&#8221;0&#8243; medium_width=&#8221;0&#8243; mobile_width=&#8221;0&#8243; width=&#8221;1\/1&#8243; uncode_shortcode_id=&#8221;152519&#8243;][vc_empty_space empty_h=&#8221;2&#8243; medium_visibility=&#8221;yes&#8221; mobile_visibility=&#8221;yes&#8221;][vc_custom_heading text_font=&#8221;font-gotham-medium&#8221; text_weight=&#8221;700&#8243; text_transform=&#8221;uppercase&#8221; uncode_shortcode_id=&#8221;203571&#8243;]Furniture and art objects[\/vc_custom_heading][vc_column_text uncode_shortcode_id=&#8221;150060&#8243;]With their expertise and experience in the field of high-end decoration, <strong data-start=\"73\" data-end=\"103\">Les Marbreries de la Seine<\/strong> craft furniture designed by emerging creators whose fresh perspective and avant-garde vision of stone will push technical boundaries and challenge the craftsmanship of <strong data-start=\"272\" data-end=\"302\">Les Marbreries de la Seine<\/strong>. Whether the designs are functional, experimental, or dreamlike, these collections of furniture and objects will celebrate the nobility of stone while showcasing new talent.[\/vc_column_text][\/vc_column][\/vc_row][vc_row row_height_percent=&#8221;0&#8243; override_padding=&#8221;yes&#8221; h_padding=&#8221;2&#8243; top_padding=&#8221;3&#8243; bottom_padding=&#8221;2&#8243; overlay_alpha=&#8221;50&#8243; gutter_size=&#8221;3&#8243; column_width_percent=&#8221;100&#8243; shift_y=&#8221;0&#8243; z_index=&#8221;0&#8243; css=&#8221;.vc_custom_1682496219136{padding-right: 18px !important;}&#8221; uncode_shortcode_id=&#8221;840540&#8243;][vc_column column_width_percent=&#8221;75&#8243; align_horizontal=&#8221;align_center&#8221; gutter_size=&#8221;3&#8243; overlay_alpha=&#8221;50&#8243; shift_x=&#8221;0&#8243; shift_y=&#8221;0&#8243; shift_y_down=&#8221;0&#8243; z_index=&#8221;0&#8243; medium_width=&#8221;0&#8243; align_mobile=&#8221;align_left_mobile&#8221; mobile_width=&#8221;0&#8243; width=&#8221;1\/1&#8243; uncode_shortcode_id=&#8221;210378&#8243;][vc_row_inner limit_content=&#8221;&#8221;][vc_column_inner column_width_use_pixel=&#8221;yes&#8221; position_horizontal=&#8221;left&#8221; gutter_size=&#8221;3&#8243; overlay_alpha=&#8221;50&#8243; shift_x=&#8221;0&#8243; shift_y=&#8221;0&#8243; shift_y_down=&#8221;0&#8243; z_index=&#8221;0&#8243; medium_width=&#8221;0&#8243; mobile_width=&#8221;0&#8243; width=&#8221;1\/1&#8243; uncode_shortcode_id=&#8221;157222&#8243; column_width_pixel=&#8221;400&#8243;][vc_single_image media=&#8221;780&#8243; media_width_percent=&#8221;100&#8243; alignment=&#8221;center&#8221; uncode_shortcode_id=&#8221;641955&#8243;][\/vc_column_inner][\/vc_row_inner][\/vc_column][\/vc_row][vc_row row_height_percent=&#8221;0&#8243; overlay_alpha=&#8221;50&#8243; gutter_size=&#8221;3&#8243; column_width_percent=&#8221;100&#8243; shift_y=&#8221;0&#8243; z_index=&#8221;0&#8243; css=&#8221;.vc_custom_1665149591937{padding-right: 18px !important;}&#8221; uncode_shortcode_id=&#8221;100522&#8243;][vc_column column_width_percent=&#8221;75&#8243; gutter_size=&#8221;3&#8243; overlay_alpha=&#8221;50&#8243; shift_x=&#8221;0&#8243; shift_y=&#8221;0&#8243; shift_y_down=&#8221;0&#8243; z_index=&#8221;0&#8243; medium_width=&#8221;0&#8243; mobile_width=&#8221;0&#8243; width=&#8221;1\/1&#8243; uncode_shortcode_id=&#8221;295861&#8243;][vc_custom_heading text_font=&#8221;font-gotham-medium&#8221; text_weight=&#8221;700&#8243; text_transform=&#8221;uppercase&#8221; uncode_shortcode_id=&#8221;157408&#8243;]JEAN-PASCAL MORVIDONI[\/vc_custom_heading][vc_column_text uncode_shortcode_id=&#8221;488581&#8243;]Marble craftsmen from father to son since 1985, <strong data-start=\"48\" data-end=\"78\">Les Marbreries de la Seine<\/strong> are now led by <strong data-start=\"94\" data-end=\"119\">Jean-Pascal Morvidoni<\/strong>. Passionate about contemporary creation, a lover of fine objects, and fascinated by the way designers reinterpret mineral stone.[\/vc_column_text][\/vc_column][\/vc_row][vc_row row_height_percent=&#8221;0&#8243; override_padding=&#8221;yes&#8221; h_padding=&#8221;2&#8243; top_padding=&#8221;3&#8243; bottom_padding=&#8221;4&#8243; overlay_alpha=&#8221;50&#8243; gutter_size=&#8221;3&#8243; column_width_percent=&#8221;100&#8243; shift_y=&#8221;0&#8243; z_index=&#8221;0&#8243; css=&#8221;.vc_custom_1682496237307{padding-right: 18px !important;}&#8221; uncode_shortcode_id=&#8221;129058&#8243;][vc_column column_width_percent=&#8221;75&#8243; gutter_size=&#8221;3&#8243; overlay_alpha=&#8221;50&#8243; shift_x=&#8221;0&#8243; shift_y=&#8221;0&#8243; shift_y_down=&#8221;0&#8243; z_index=&#8221;0&#8243; medium_width=&#8221;0&#8243; mobile_width=&#8221;0&#8243; width=&#8221;1\/1&#8243; uncode_shortcode_id=&#8221;504181&#8243;][vc_custom_heading text_font=&#8221;font-gotham-medium&#8221; text_weight=&#8221;700&#8243; text_transform=&#8221;uppercase&#8221; uncode_shortcode_id=&#8221;182952&#8243;]33 rue de Verneuil &#8211; Paris 7[\/vc_custom_heading][vc_column_text uncode_shortcode_id=&#8221;202328&#8243;]<\/p>\n<p data-start=\"0\" data-end=\"230\">Both a showroom and an exhibition space, this unique venue showcases the expertise of <strong data-start=\"86\" data-end=\"116\">Les Marbreries de la Seine<\/strong>, offering an exploration of their remarkable range of materials and a discovery of their furniture collections.<\/p>\n<p data-start=\"232\" data-end=\"553\">The space is enveloped in an elegant <strong data-start=\"269\" data-end=\"297\">200m\u00b2 travertine setting<\/strong>, minimal yet welcoming. At its heart, a <strong data-start=\"338\" data-end=\"403\">large central piece of furniture serves as a material library<\/strong>, conceived as a kind of globe displaying the finest stone and marble typologies of the house, with samples arranged in a <strong data-start=\"525\" data-end=\"550\">chromatic composition<\/strong>.<\/p>\n<p data-start=\"555\" data-end=\"690\" data-is-last-node=\"\">The <strong data-start=\"559\" data-end=\"597\">open and adaptable exhibition area<\/strong> allows for dynamic scenography, presenting collections envisioned by contemporary designers.<\/p>\n<p>[\/vc_column_text][\/vc_column][\/vc_row]<\/p>\n<\/div>","protected":false},"excerpt":{"rendered":"<p>[vc_row row_height_percent=&#8221;0&#8243; overlay_alpha=&#8221;50&#8243; gutter_size=&#8221;3&#8243; column_width_percent=&#8221;100&#8243; shift_y=&#8221;0&#8243; z_index=&#8221;0&#8243; css=&#8221;.vc_custom_1682495673849{padding-right: 18px !important;}&#8221; uncode_shortcode_id=&#8221;167502&#8243;][vc_column column_width_percent=&#8221;75&#8243; align_horizontal=&#8221;align_center&#8221; gutter_size=&#8221;3&#8243; overlay_alpha=&#8221;50&#8243; shift_x=&#8221;0&#8243; shift_y=&#8221;0&#8243; shift_y_down=&#8221;0&#8243; z_index=&#8221;0&#8243; medium_width=&#8221;0&#8243; [&hellip;]<\/p>\n","protected":false},"author":1,"featured_media":0,"parent":0,"menu_order":0,"comment_status":"closed","ping_status":"closed","template":"","meta":{"_acf_changed":false,"footnotes":""},"class_list":["post-2043","page","type-page","status-publish","hentry"],"acf":[],"_links":{"self":[{"href":"https:\/\/www.lesmarbreriesdelaseine.com\/en\/wp-json\/wp\/v2\/pages\/2043","targetHints":{"allow":["GET"]}}],"collection":[{"href":"https:\/\/www.lesmarbreriesdelaseine.com\/en\/wp-json\/wp\/v2\/pages"}],"about":[{"href":"https:\/\/www.lesmarbreriesdelaseine.com\/en\/wp-json\/wp\/v2\/types\/page"}],"author":[{"embeddable":true,"href":"https:\/\/www.lesmarbreriesdelaseine.com\/en\/wp-json\/wp\/v2\/users\/1"}],"replies":[{"embeddable":true,"href":"https:\/\/www.lesmarbreriesdelaseine.com\/en\/wp-json\/wp\/v2\/comments?post=2043"}],"version-history":[{"count":26,"href":"https:\/\/www.lesmarbreriesdelaseine.com\/en\/wp-json\/wp\/v2\/pages\/2043\/revisions"}],"predecessor-version":[{"id":2370,"href":"https:\/\/www.lesmarbreriesdelaseine.com\/en\/wp-json\/wp\/v2\/pages\/2043\/revisions\/2370"}],"wp:attachment":[{"href":"https:\/\/www.lesmarbreriesdelaseine.com\/en\/wp-json\/wp\/v2\/media?parent=2043"}],"curies":[{"name":"wp","href":"https:\/\/api.w.org\/{rel}","templated":true}]}}